{"id":122,"date":"2021-12-22T16:45:36","date_gmt":"2021-12-22T16:45:36","guid":{"rendered":"https:\/\/wmidevsite.com\/mercyhealth\/?page_id=122"},"modified":"2022-01-31T13:37:39","modified_gmt":"2022-01-31T13:37:39","slug":"appointments-refills","status":"publish","type":"page","link":"https:\/\/www.mercyhealthclinic.org\/es\/appointments-refills\/","title":{"rendered":"Citas y Resurtidos"},"content":{"rendered":"<h2>Citas<\/h2>\n<p class=\"translation-block\">Las visitas m\u00e9dicas son solamente con cita previa. Despu\u00e9s de que se establezca si usted es elegible, se programar\u00e1 una cita inicial. Consulte la p\u00e1gina Como ser Paciente para obtener m\u00e1s informaci\u00f3n.<\/p>\n<p>Para programar una cita, llame al tel\u00e9fono 240-773-0300 o env\u00ede un correo electr\u00f3nico a: appointments@mercyhealthclinic.org. <a href=\"mailto:appointments@mercyhealthclinic.org\">appointments@mercyhealthclinic.org<\/a>.<\/p>\n<p>Por favor, incluya la siguiente informaci\u00f3n:<\/p>\n<ul>\n<li>Nombre<\/li>\n<li>Fecha de nacimiento<\/li>\n<\/ul>\n<p>NOTA: El servicio de correo electr\u00f3nico es para pacientes actuales de atenci\u00f3n primaria y especializada. Si su tarjeta de elegibilidad ha caducado, llame a nuestra oficina para obtener ayuda.<br \/>\nSi deja un mensaje en el tel\u00e9fono, indique claramente su nombre, fecha de nacimiento y su n\u00famero de tel\u00e9fono. No podemos devolverle la llamada sin su nombre y n\u00famero de contacto.<\/p>\n<hr \/>\n<h2>Farmacia<\/h2>\n<p><strong>Horario de la farmacia:<\/strong><\/p>\n<p style=\"padding-left: 40px;\">Lunes \t \t8:30 a.m - 5:00 p.m.<br \/>\nMartes\t \t8:30 a.m. - 8:00 p.m.<br \/>\nMi\u00e9rcoles \t8:30  a.m. - 5:00 p.m.<br \/>\nJueves\t\t8:30 a.m - 8:00 p.m.<br \/>\nViernes\tCERRADO<\/p>\n<p>Para resurtidos (refills) de recetas:<br \/>\nFarmacia: 240-773-0327<\/p>\n<p>Llame a la farmacia con una semana de anticipaci\u00f3n para pedir resurtidos (refills)<br \/>\nProporcionar:<\/p>\n<ul>\n<li>Nombre<\/li>\n<li>Fecha de nacimiento<\/li>\n<li>Nombre del medicamento (s) que necesita<\/li>\n<\/ul>\n<p>*La farmacia lo llamar\u00e1 cuando su medicamento est\u00e9 listo para que lo recoja<br \/>\n*Las recetas generalmente est\u00e1n listas dentro de 7 d\u00edas despu\u00e9s del pedido<\/p>","protected":false},"excerpt":{"rendered":"<p>Appointments Medical visits are by appointment only. After eligibility is established, an initial appointment will be scheduled. Please see <a href=\"https:\/\/www.mercyhealthclinic.org\/become-a-patient\/\">Become a Patient page<\/a> for [&#8230;]<\/p>\n","protected":false},"author":2,"featured_media":0,"parent":0,"menu_order":0,"comment_status":"closed","ping_status":"closed","template":"","meta":{"_acf_changed":false,"footnotes":""},"class_list":["post-122","page","type-page","status-publish","hentry"],"acf":[],"yoast_head":"<!-- This site is optimized with the Yoast SEO plugin v27.4 - https:\/\/yoast.com\/product\/yoast-seo-wordpress\/ -->\n<title>Appointments &amp; Refills - Mercy Health Clinic<\/title>\n<meta name=\"robots\" content=\"index, follow, max-snippet:-1, max-image-preview:large, max-video-preview:-1\" \/>\n<link rel=\"canonical\" href=\"https:\/\/www.mercyhealthclinic.org\/es\/appointments-refills\/\" \/>\n<meta property=\"og:locale\" content=\"es_MX\" \/>\n<meta property=\"og:type\" content=\"article\" \/>\n<meta property=\"og:title\" content=\"Appointments &amp; Refills - Mercy Health Clinic\" \/>\n<meta property=\"og:description\" content=\"Appointments Medical visits are by appointment only. After eligibility is established, an initial appointment will be scheduled. Please see Become a Patient page for [...]\" \/>\n<meta property=\"og:url\" content=\"https:\/\/www.mercyhealthclinic.org\/es\/appointments-refills\/\" \/>\n<meta property=\"og:site_name\" content=\"Mercy Health Clinic\" \/>\n<meta property=\"article:publisher\" content=\"https:\/\/www.facebook.com\/mercyhealthclinic\" \/>\n<meta property=\"article:modified_time\" content=\"2022-01-31T13:37:39+00:00\" \/>\n<meta name=\"twitter:card\" content=\"summary_large_image\" \/>\n<meta name=\"twitter:site\" content=\"@MercyHealthC\" \/>\n<meta name=\"twitter:label1\" content=\"Tiempo de lectura\" \/>\n\t<meta name=\"twitter:data1\" content=\"1 minuto\" \/>\n<script type=\"application\/ld+json\" class=\"yoast-schema-graph\">{\"@context\":\"https:\\\/\\\/schema.org\",\"@graph\":[{\"@type\":\"WebPage\",\"@id\":\"https:\\\/\\\/www.mercyhealthclinic.org\\\/appointments-refills\\\/\",\"url\":\"https:\\\/\\\/www.mercyhealthclinic.org\\\/appointments-refills\\\/\",\"name\":\"Appointments & Refills - Mercy Health Clinic\",\"isPartOf\":{\"@id\":\"https:\\\/\\\/www.mercyhealthclinic.org\\\/#website\"},\"datePublished\":\"2021-12-22T16:45:36+00:00\",\"dateModified\":\"2022-01-31T13:37:39+00:00\",\"breadcrumb\":{\"@id\":\"https:\\\/\\\/www.mercyhealthclinic.org\\\/appointments-refills\\\/#breadcrumb\"},\"inLanguage\":\"es\",\"potentialAction\":[{\"@type\":\"ReadAction\",\"target\":[\"https:\\\/\\\/www.mercyhealthclinic.org\\\/appointments-refills\\\/\"]}]},{\"@type\":\"BreadcrumbList\",\"@id\":\"https:\\\/\\\/www.mercyhealthclinic.org\\\/appointments-refills\\\/#breadcrumb\",\"itemListElement\":[{\"@type\":\"ListItem\",\"position\":1,\"name\":\"Home\",\"item\":\"https:\\\/\\\/www.mercyhealthclinic.org\\\/\"},{\"@type\":\"ListItem\",\"position\":2,\"name\":\"Appointments &#038; Refills\"}]},{\"@type\":\"WebSite\",\"@id\":\"https:\\\/\\\/www.mercyhealthclinic.org\\\/#website\",\"url\":\"https:\\\/\\\/www.mercyhealthclinic.org\\\/\",\"name\":\"Mercy Health Clinic\",\"description\":\"non-sectarian, nonprofit patient-centered medical home\",\"publisher\":{\"@id\":\"https:\\\/\\\/www.mercyhealthclinic.org\\\/#organization\"},\"potentialAction\":[{\"@type\":\"SearchAction\",\"target\":{\"@type\":\"EntryPoint\",\"urlTemplate\":\"https:\\\/\\\/www.mercyhealthclinic.org\\\/?s={search_term_string}\"},\"query-input\":{\"@type\":\"PropertyValueSpecification\",\"valueRequired\":true,\"valueName\":\"search_term_string\"}}],\"inLanguage\":\"es\"},{\"@type\":\"Organization\",\"@id\":\"https:\\\/\\\/www.mercyhealthclinic.org\\\/#organization\",\"name\":\"Mercy Health Clinic\",\"url\":\"https:\\\/\\\/www.mercyhealthclinic.org\\\/\",\"logo\":{\"@type\":\"ImageObject\",\"inLanguage\":\"es\",\"@id\":\"https:\\\/\\\/www.mercyhealthclinic.org\\\/#\\\/schema\\\/logo\\\/image\\\/\",\"url\":\"https:\\\/\\\/www.mercyhealthclinic.org\\\/wp-content\\\/uploads\\\/mercy-logo-heart-on-top.png\",\"contentUrl\":\"https:\\\/\\\/www.mercyhealthclinic.org\\\/wp-content\\\/uploads\\\/mercy-logo-heart-on-top.png\",\"width\":320,\"height\":120,\"caption\":\"Mercy Health Clinic\"},\"image\":{\"@id\":\"https:\\\/\\\/www.mercyhealthclinic.org\\\/#\\\/schema\\\/logo\\\/image\\\/\"},\"sameAs\":[\"https:\\\/\\\/www.facebook.com\\\/mercyhealthclinic\",\"https:\\\/\\\/x.com\\\/MercyHealthC\",\"http:\\\/\\\/www.linkedin.com\\\/company\\\/mercy-health-clinic\"]}]}<\/script>\n<!-- \/ Yoast SEO plugin. -->","yoast_head_json":{"title":"Appointments & Refills - Mercy Health Clinic","robots":{"index":"index","follow":"follow","max-snippet":"max-snippet:-1","max-image-preview":"max-image-preview:large","max-video-preview":"max-video-preview:-1"},"canonical":"https:\/\/www.mercyhealthclinic.org\/es\/appointments-refills\/","og_locale":"es_MX","og_type":"article","og_title":"Appointments & Refills - Mercy Health Clinic","og_description":"Appointments Medical visits are by appointment only. After eligibility is established, an initial appointment will be scheduled. Please see Become a Patient page for [...]","og_url":"https:\/\/www.mercyhealthclinic.org\/es\/appointments-refills\/","og_site_name":"Mercy Health Clinic","article_publisher":"https:\/\/www.facebook.com\/mercyhealthclinic","article_modified_time":"2022-01-31T13:37:39+00:00","twitter_card":"summary_large_image","twitter_site":"@MercyHealthC","twitter_misc":{"Tiempo de lectura":"1 minuto"},"schema":{"@context":"https:\/\/schema.org","@graph":[{"@type":"WebPage","@id":"https:\/\/www.mercyhealthclinic.org\/appointments-refills\/","url":"https:\/\/www.mercyhealthclinic.org\/appointments-refills\/","name":"Appointments & Refills - Mercy Health Clinic","isPartOf":{"@id":"https:\/\/www.mercyhealthclinic.org\/#website"},"datePublished":"2021-12-22T16:45:36+00:00","dateModified":"2022-01-31T13:37:39+00:00","breadcrumb":{"@id":"https:\/\/www.mercyhealthclinic.org\/appointments-refills\/#breadcrumb"},"inLanguage":"es","potentialAction":[{"@type":"ReadAction","target":["https:\/\/www.mercyhealthclinic.org\/appointments-refills\/"]}]},{"@type":"BreadcrumbList","@id":"https:\/\/www.mercyhealthclinic.org\/appointments-refills\/#breadcrumb","itemListElement":[{"@type":"ListItem","position":1,"name":"Home","item":"https:\/\/www.mercyhealthclinic.org\/"},{"@type":"ListItem","position":2,"name":"Appointments &#038; Refills"}]},{"@type":"WebSite","@id":"https:\/\/www.mercyhealthclinic.org\/#website","url":"https:\/\/www.mercyhealthclinic.org\/","name":"Mercy Health Clinic","description":"non-sectarian, nonprofit patient-centered medical home","publisher":{"@id":"https:\/\/www.mercyhealthclinic.org\/#organization"},"potentialAction":[{"@type":"SearchAction","target":{"@type":"EntryPoint","urlTemplate":"https:\/\/www.mercyhealthclinic.org\/?s={search_term_string}"},"query-input":{"@type":"PropertyValueSpecification","valueRequired":true,"valueName":"search_term_string"}}],"inLanguage":"es"},{"@type":"Organization","@id":"https:\/\/www.mercyhealthclinic.org\/#organization","name":"Mercy Health Clinic","url":"https:\/\/www.mercyhealthclinic.org\/","logo":{"@type":"ImageObject","inLanguage":"es","@id":"https:\/\/www.mercyhealthclinic.org\/#\/schema\/logo\/image\/","url":"https:\/\/www.mercyhealthclinic.org\/wp-content\/uploads\/mercy-logo-heart-on-top.png","contentUrl":"https:\/\/www.mercyhealthclinic.org\/wp-content\/uploads\/mercy-logo-heart-on-top.png","width":320,"height":120,"caption":"Mercy Health Clinic"},"image":{"@id":"https:\/\/www.mercyhealthclinic.org\/#\/schema\/logo\/image\/"},"sameAs":["https:\/\/www.facebook.com\/mercyhealthclinic","https:\/\/x.com\/MercyHealthC","http:\/\/www.linkedin.com\/company\/mercy-health-clinic"]}]}},"_links":{"self":[{"href":"https:\/\/www.mercyhealthclinic.org\/es\/wp-json\/wp\/v2\/pages\/122","targetHints":{"allow":["GET"]}}],"collection":[{"href":"https:\/\/www.mercyhealthclinic.org\/es\/wp-json\/wp\/v2\/pages"}],"about":[{"href":"https:\/\/www.mercyhealthclinic.org\/es\/wp-json\/wp\/v2\/types\/page"}],"author":[{"embeddable":true,"href":"https:\/\/www.mercyhealthclinic.org\/es\/wp-json\/wp\/v2\/users\/2"}],"replies":[{"embeddable":true,"href":"https:\/\/www.mercyhealthclinic.org\/es\/wp-json\/wp\/v2\/comments?post=122"}],"version-history":[{"count":5,"href":"https:\/\/www.mercyhealthclinic.org\/es\/wp-json\/wp\/v2\/pages\/122\/revisions"}],"predecessor-version":[{"id":408,"href":"https:\/\/www.mercyhealthclinic.org\/es\/wp-json\/wp\/v2\/pages\/122\/revisions\/408"}],"wp:attachment":[{"href":"https:\/\/www.mercyhealthclinic.org\/es\/wp-json\/wp\/v2\/media?parent=122"}],"curies":[{"name":"wp","href":"https:\/\/api.w.org\/{rel}","templated":true}]}}