{"id":1377,"date":"2025-01-02T18:04:49","date_gmt":"2025-01-02T23:04:49","guid":{"rendered":"https:\/\/www.mercyhealthclinic.org\/?page_id=1377"},"modified":"2026-02-23T07:00:55","modified_gmt":"2026-02-23T12:00:55","slug":"inclement-weather-notice","status":"publish","type":"page","link":"https:\/\/www.mercyhealthclinic.org\/es\/inclement-weather-notice\/","title":{"rendered":"Inclement Weather Notice"},"content":{"rendered":"<p><img loading=\"lazy\" decoding=\"async\" class=\"wp-image-1561 aligncenter\" src=\"https:\/\/www.mercyhealthclinic.org\/wp-content\/uploads\/Inclement-Weather-1.26.2026-4-1024x1024.png\" alt=\"\" width=\"397\" height=\"397\" \/><\/p>\n<p style=\"text-align: center;\"><span style=\"color: #ff6600;\"><strong>AVISO DE CLIMA INCLEMENTE<\/strong><\/span><\/p>\n<p>La <strong>Cl\u00ednica Mercy Health <\/strong>determina de manera independiente sus cierres relacionados con el clima, por lo que le recomendamos visitar nuestro sitio web en <a href=\"http:\/\/www.mercyhealthclinic.org\/es\/\">www.mercyhealthclinic.org<\/a> para obtener informaci\u00f3n actualizada. El personal, los voluntarios y los pacientes con una cita programada el d\u00eda de un evento clim\u00e1tico ser\u00e1n notificados de cualquier cambio a trav\u00e9s de un mensaje de texto, correo electr\u00f3nico o llamada telef\u00f3nica de nuestro personal.<\/p>\n<p><strong>Retrasos y Reprogramaciones:<\/strong><\/p>\n<ul>\n<li>Si la cl\u00ednica cierra, todas las citas de los pacientes ser\u00e1n reprogramadas.<\/li>\n<li>Si abrimos con un retraso de <strong>2 horas<\/strong>, todas las citas programadas se ajustar\u00e1n en consecuencia.<\/li>\n<\/ul>\n<p><strong>Mant\u00e9ngase Informado:<\/strong><\/p>\n<ul>\n<li><a href=\"http:\/\/www.mercyhealthclinic.org\/es\/\">mercyhealthclinic.org<\/a><\/li>\n<li><a href=\"https:\/\/www.facebook.com\/MercyHealthMoCo\">Facebook: MercyHealthMoCo<\/a><\/li>\n<li><a href=\"https:\/\/www.instagram.com\/mercyhealthmoco\/\">Instagram: MercyHealthMoCo<\/a><\/li>\n<\/ul>\n<p>&nbsp;<\/p>\n<p>Por favor, <strong>NO llame a la cl\u00ednica;<\/strong> nosotros le llamaremos en nuestro pr\u00f3ximo d\u00eda h\u00e1bil para reprogramar su cita.<\/p>\n<hr \/>\n<p style=\"text-align: center;\"><span style=\"color: #ff6600;\"><strong>INCLEMENT WEATHER NOTICE<\/strong><\/span><\/p>\n<p><strong>Mercy Health Clinic <\/strong>independently determines its weather-related closures so please visit our website at <a href=\"https:\/\/www.mercyhealthclinic.org\/es\/\">www.mercyhealthclinic.org<\/a>\u00a0 for updated information. Staff, volunteers and patients scheduled for an appointment on the day of an inclimate weather event will be notified of any changes via <strong>text<\/strong>, <strong>email<\/strong>, or <strong>phone call<\/strong> from our staff. \u00a0<\/p>\n<p><strong>Delays and Rescheduling:<\/strong><\/p>\n<ul>\n<li>If the clinic closes, all patient appointments will be rescheduled.<\/li>\n<li>If we open <strong>2-hour delay<\/strong>, all scheduled appointments will be adjusted accordingly.<\/li>\n<\/ul>\n<p><strong>Stay Informed:<\/strong><\/p>\n<ul>\n<li><a href=\"http:\/\/www.mercyhealthclinic.org\/es\/\">mercyhealthclinic.org<\/a><\/li>\n<li><a href=\"https:\/\/www.facebook.com\/MercyHealthMoCo\">https:\/\/www.facebook.com\/MercyHealthMoCo<\/a><\/li>\n<li><a href=\"https:\/\/www.instagram.com\/mercyhealthmoco\/\">https:\/\/www.instagram.com\/mercyhealthmoco\/<\/a><\/li>\n<\/ul>\n<p><em>Please <strong>DO NOT call the clinic<\/strong>; we will call you on our next business day to reschedule your appointment.<\/em><\/p>\n<p><em>\u00a0<\/em><\/p>\n<p><em>\u00a0<\/em><\/p>\n<p><span data-ccp-props=\"{&quot;134233117&quot;:false,&quot;134233118&quot;:false,&quot;201341983&quot;:0,&quot;335551550&quot;:1,&quot;335551620&quot;:1,&quot;335559738&quot;:240,&quot;335559739&quot;:0,&quot;335559740&quot;:240}\">\u00a0<\/span><\/p>","protected":false},"excerpt":{"rendered":"<p>AVISO DE CLIMA INCLEMENTE La Cl\u00ednica Mercy Health determina de manera independiente sus cierres relacionados con el clima, por lo [&#8230;]<\/p>\n","protected":false},"author":3,"featured_media":0,"parent":0,"menu_order":0,"comment_status":"closed","ping_status":"closed","template":"","meta":{"_acf_changed":false,"footnotes":""},"class_list":["post-1377","page","type-page","status-publish","hentry"],"acf":[],"yoast_head":"<!-- This site is optimized with the Yoast SEO plugin v27.3 - https:\/\/yoast.com\/product\/yoast-seo-wordpress\/ -->\n<title>Inclement Weather Notice - Mercy Health Clinic<\/title>\n<meta name=\"robots\" content=\"index, follow, max-snippet:-1, max-image-preview:large, max-video-preview:-1\" \/>\n<link rel=\"canonical\" href=\"https:\/\/www.mercyhealthclinic.org\/es\/inclement-weather-notice\/\" \/>\n<meta property=\"og:locale\" content=\"es_MX\" \/>\n<meta property=\"og:type\" content=\"article\" \/>\n<meta property=\"og:title\" content=\"Inclement Weather Notice - Mercy Health Clinic\" \/>\n<meta property=\"og:description\" content=\"AVISO DE CLIMA INCLEMENTE La Cl\u00ednica Mercy Health determina de manera independiente sus cierres relacionados con el clima, por lo [...]\" \/>\n<meta property=\"og:url\" content=\"https:\/\/www.mercyhealthclinic.org\/es\/inclement-weather-notice\/\" \/>\n<meta property=\"og:site_name\" content=\"Mercy Health Clinic\" \/>\n<meta property=\"article:publisher\" content=\"https:\/\/www.facebook.com\/mercyhealthclinic\" \/>\n<meta property=\"article:modified_time\" content=\"2026-02-23T12:00:55+00:00\" \/>\n<meta property=\"og:image\" content=\"https:\/\/www.mercyhealthclinic.org\/wp-content\/uploads\/Inclement-Weather-1.26.2026-4-e1771847566270.png\" \/>\n\t<meta property=\"og:image:width\" content=\"400\" \/>\n\t<meta property=\"og:image:height\" content=\"400\" \/>\n\t<meta property=\"og:image:type\" content=\"image\/png\" \/>\n<meta name=\"twitter:card\" content=\"summary_large_image\" \/>\n<meta name=\"twitter:site\" content=\"@MercyHealthC\" \/>\n<meta name=\"twitter:label1\" content=\"Tiempo de lectura\" \/>\n\t<meta name=\"twitter:data1\" content=\"2 minutos\" \/>\n<script type=\"application\/ld+json\" class=\"yoast-schema-graph\">{\"@context\":\"https:\\\/\\\/schema.org\",\"@graph\":[{\"@type\":\"WebPage\",\"@id\":\"https:\\\/\\\/www.mercyhealthclinic.org\\\/inclement-weather-notice\\\/\",\"url\":\"https:\\\/\\\/www.mercyhealthclinic.org\\\/inclement-weather-notice\\\/\",\"name\":\"Inclement Weather Notice - Mercy Health Clinic\",\"isPartOf\":{\"@id\":\"https:\\\/\\\/www.mercyhealthclinic.org\\\/#website\"},\"primaryImageOfPage\":{\"@id\":\"https:\\\/\\\/www.mercyhealthclinic.org\\\/inclement-weather-notice\\\/#primaryimage\"},\"image\":{\"@id\":\"https:\\\/\\\/www.mercyhealthclinic.org\\\/inclement-weather-notice\\\/#primaryimage\"},\"thumbnailUrl\":\"https:\\\/\\\/www.mercyhealthclinic.org\\\/wp-content\\\/uploads\\\/Inclement-Weather-1.26.2026-4-1024x1024.png\",\"datePublished\":\"2025-01-02T23:04:49+00:00\",\"dateModified\":\"2026-02-23T12:00:55+00:00\",\"breadcrumb\":{\"@id\":\"https:\\\/\\\/www.mercyhealthclinic.org\\\/inclement-weather-notice\\\/#breadcrumb\"},\"inLanguage\":\"es\",\"potentialAction\":[{\"@type\":\"ReadAction\",\"target\":[\"https:\\\/\\\/www.mercyhealthclinic.org\\\/inclement-weather-notice\\\/\"]}]},{\"@type\":\"ImageObject\",\"inLanguage\":\"es\",\"@id\":\"https:\\\/\\\/www.mercyhealthclinic.org\\\/inclement-weather-notice\\\/#primaryimage\",\"url\":\"https:\\\/\\\/www.mercyhealthclinic.org\\\/wp-content\\\/uploads\\\/Inclement-Weather-1.26.2026-4-1024x1024.png\",\"contentUrl\":\"https:\\\/\\\/www.mercyhealthclinic.org\\\/wp-content\\\/uploads\\\/Inclement-Weather-1.26.2026-4-1024x1024.png\"},{\"@type\":\"BreadcrumbList\",\"@id\":\"https:\\\/\\\/www.mercyhealthclinic.org\\\/inclement-weather-notice\\\/#breadcrumb\",\"itemListElement\":[{\"@type\":\"ListItem\",\"position\":1,\"name\":\"Home\",\"item\":\"https:\\\/\\\/www.mercyhealthclinic.org\\\/\"},{\"@type\":\"ListItem\",\"position\":2,\"name\":\"Inclement Weather Notice\"}]},{\"@type\":\"WebSite\",\"@id\":\"https:\\\/\\\/www.mercyhealthclinic.org\\\/#website\",\"url\":\"https:\\\/\\\/www.mercyhealthclinic.org\\\/\",\"name\":\"Mercy Health Clinic\",\"description\":\"non-sectarian, nonprofit patient-centered medical home\",\"publisher\":{\"@id\":\"https:\\\/\\\/www.mercyhealthclinic.org\\\/#organization\"},\"potentialAction\":[{\"@type\":\"SearchAction\",\"target\":{\"@type\":\"EntryPoint\",\"urlTemplate\":\"https:\\\/\\\/www.mercyhealthclinic.org\\\/?s={search_term_string}\"},\"query-input\":{\"@type\":\"PropertyValueSpecification\",\"valueRequired\":true,\"valueName\":\"search_term_string\"}}],\"inLanguage\":\"es\"},{\"@type\":\"Organization\",\"@id\":\"https:\\\/\\\/www.mercyhealthclinic.org\\\/#organization\",\"name\":\"Mercy Health Clinic\",\"url\":\"https:\\\/\\\/www.mercyhealthclinic.org\\\/\",\"logo\":{\"@type\":\"ImageObject\",\"inLanguage\":\"es\",\"@id\":\"https:\\\/\\\/www.mercyhealthclinic.org\\\/#\\\/schema\\\/logo\\\/image\\\/\",\"url\":\"https:\\\/\\\/www.mercyhealthclinic.org\\\/wp-content\\\/uploads\\\/mercy-logo-heart-on-top.png\",\"contentUrl\":\"https:\\\/\\\/www.mercyhealthclinic.org\\\/wp-content\\\/uploads\\\/mercy-logo-heart-on-top.png\",\"width\":320,\"height\":120,\"caption\":\"Mercy Health Clinic\"},\"image\":{\"@id\":\"https:\\\/\\\/www.mercyhealthclinic.org\\\/#\\\/schema\\\/logo\\\/image\\\/\"},\"sameAs\":[\"https:\\\/\\\/www.facebook.com\\\/mercyhealthclinic\",\"https:\\\/\\\/x.com\\\/MercyHealthC\",\"http:\\\/\\\/www.linkedin.com\\\/company\\\/mercy-health-clinic\"]}]}<\/script>\n<!-- \/ Yoast SEO plugin. -->","yoast_head_json":{"title":"Inclement Weather Notice - Mercy Health Clinic","robots":{"index":"index","follow":"follow","max-snippet":"max-snippet:-1","max-image-preview":"max-image-preview:large","max-video-preview":"max-video-preview:-1"},"canonical":"https:\/\/www.mercyhealthclinic.org\/es\/inclement-weather-notice\/","og_locale":"es_MX","og_type":"article","og_title":"Inclement Weather Notice - Mercy Health Clinic","og_description":"AVISO DE CLIMA INCLEMENTE La Cl\u00ednica Mercy Health determina de manera independiente sus cierres relacionados con el clima, por lo [...]","og_url":"https:\/\/www.mercyhealthclinic.org\/es\/inclement-weather-notice\/","og_site_name":"Mercy Health Clinic","article_publisher":"https:\/\/www.facebook.com\/mercyhealthclinic","article_modified_time":"2026-02-23T12:00:55+00:00","og_image":[{"width":400,"height":400,"url":"https:\/\/www.mercyhealthclinic.org\/wp-content\/uploads\/Inclement-Weather-1.26.2026-4-e1771847566270.png","type":"image\/png"}],"twitter_card":"summary_large_image","twitter_site":"@MercyHealthC","twitter_misc":{"Tiempo de lectura":"2 minutos"},"schema":{"@context":"https:\/\/schema.org","@graph":[{"@type":"WebPage","@id":"https:\/\/www.mercyhealthclinic.org\/inclement-weather-notice\/","url":"https:\/\/www.mercyhealthclinic.org\/inclement-weather-notice\/","name":"Inclement Weather Notice - Mercy Health Clinic","isPartOf":{"@id":"https:\/\/www.mercyhealthclinic.org\/#website"},"primaryImageOfPage":{"@id":"https:\/\/www.mercyhealthclinic.org\/inclement-weather-notice\/#primaryimage"},"image":{"@id":"https:\/\/www.mercyhealthclinic.org\/inclement-weather-notice\/#primaryimage"},"thumbnailUrl":"https:\/\/www.mercyhealthclinic.org\/wp-content\/uploads\/Inclement-Weather-1.26.2026-4-1024x1024.png","datePublished":"2025-01-02T23:04:49+00:00","dateModified":"2026-02-23T12:00:55+00:00","breadcrumb":{"@id":"https:\/\/www.mercyhealthclinic.org\/inclement-weather-notice\/#breadcrumb"},"inLanguage":"es","potentialAction":[{"@type":"ReadAction","target":["https:\/\/www.mercyhealthclinic.org\/inclement-weather-notice\/"]}]},{"@type":"ImageObject","inLanguage":"es","@id":"https:\/\/www.mercyhealthclinic.org\/inclement-weather-notice\/#primaryimage","url":"https:\/\/www.mercyhealthclinic.org\/wp-content\/uploads\/Inclement-Weather-1.26.2026-4-1024x1024.png","contentUrl":"https:\/\/www.mercyhealthclinic.org\/wp-content\/uploads\/Inclement-Weather-1.26.2026-4-1024x1024.png"},{"@type":"BreadcrumbList","@id":"https:\/\/www.mercyhealthclinic.org\/inclement-weather-notice\/#breadcrumb","itemListElement":[{"@type":"ListItem","position":1,"name":"Home","item":"https:\/\/www.mercyhealthclinic.org\/"},{"@type":"ListItem","position":2,"name":"Inclement Weather Notice"}]},{"@type":"WebSite","@id":"https:\/\/www.mercyhealthclinic.org\/#website","url":"https:\/\/www.mercyhealthclinic.org\/","name":"Mercy Health Clinic","description":"non-sectarian, nonprofit patient-centered medical home","publisher":{"@id":"https:\/\/www.mercyhealthclinic.org\/#organization"},"potentialAction":[{"@type":"SearchAction","target":{"@type":"EntryPoint","urlTemplate":"https:\/\/www.mercyhealthclinic.org\/?s={search_term_string}"},"query-input":{"@type":"PropertyValueSpecification","valueRequired":true,"valueName":"search_term_string"}}],"inLanguage":"es"},{"@type":"Organization","@id":"https:\/\/www.mercyhealthclinic.org\/#organization","name":"Mercy Health Clinic","url":"https:\/\/www.mercyhealthclinic.org\/","logo":{"@type":"ImageObject","inLanguage":"es","@id":"https:\/\/www.mercyhealthclinic.org\/#\/schema\/logo\/image\/","url":"https:\/\/www.mercyhealthclinic.org\/wp-content\/uploads\/mercy-logo-heart-on-top.png","contentUrl":"https:\/\/www.mercyhealthclinic.org\/wp-content\/uploads\/mercy-logo-heart-on-top.png","width":320,"height":120,"caption":"Mercy Health Clinic"},"image":{"@id":"https:\/\/www.mercyhealthclinic.org\/#\/schema\/logo\/image\/"},"sameAs":["https:\/\/www.facebook.com\/mercyhealthclinic","https:\/\/x.com\/MercyHealthC","http:\/\/www.linkedin.com\/company\/mercy-health-clinic"]}]}},"_links":{"self":[{"href":"https:\/\/www.mercyhealthclinic.org\/es\/wp-json\/wp\/v2\/pages\/1377","targetHints":{"allow":["GET"]}}],"collection":[{"href":"https:\/\/www.mercyhealthclinic.org\/es\/wp-json\/wp\/v2\/pages"}],"about":[{"href":"https:\/\/www.mercyhealthclinic.org\/es\/wp-json\/wp\/v2\/types\/page"}],"author":[{"embeddable":true,"href":"https:\/\/www.mercyhealthclinic.org\/es\/wp-json\/wp\/v2\/users\/3"}],"replies":[{"embeddable":true,"href":"https:\/\/www.mercyhealthclinic.org\/es\/wp-json\/wp\/v2\/comments?post=1377"}],"version-history":[{"count":8,"href":"https:\/\/www.mercyhealthclinic.org\/es\/wp-json\/wp\/v2\/pages\/1377\/revisions"}],"predecessor-version":[{"id":1562,"href":"https:\/\/www.mercyhealthclinic.org\/es\/wp-json\/wp\/v2\/pages\/1377\/revisions\/1562"}],"wp:attachment":[{"href":"https:\/\/www.mercyhealthclinic.org\/es\/wp-json\/wp\/v2\/media?parent=1377"}],"curies":[{"name":"wp","href":"https:\/\/api.w.org\/{rel}","templated":true}]}}