{"id":90,"date":"2021-12-22T16:13:31","date_gmt":"2021-12-22T16:13:31","guid":{"rendered":"https:\/\/wmidevsite.com\/mercyhealth\/?page_id=90"},"modified":"2022-02-01T13:49:47","modified_gmt":"2022-02-01T13:49:47","slug":"our-services","status":"publish","type":"page","link":"https:\/\/www.mercyhealthclinic.org\/es\/our-services\/","title":{"rendered":"Nuestros Servicios"},"content":{"rendered":"<p>Los pacientes de Mercy Health Clinic tienen acceso a una amplia gama de servicios en nuestra cl\u00ednica en Gaithersburg, Maryland, as\u00ed como en otros lugares a trav\u00e9s de asociaciones con centros hospitalarios locales y proveedores comunitarios.<\/p>\n<p>Usamos las mejores pr\u00e1cticas para la atenci\u00f3n del paciente y somos reconocidos por otras instituciones. Aceptamos pacientes de 13 a 17 a\u00f1os a trav\u00e9s del programa Care for Kids (Cuidado de ni\u00f1os). Los pacientes adultos, mayores de 18 a\u00f1os, pueden recibir atenci\u00f3n en Mercy a trav\u00e9s del Programa Montgomery Cares. Tambi\u00e9n aceptamos pacientes con Medicaid y Affordable Care Act de Maryland a trav\u00e9s de CareFirst. <a href=\"https:\/\/www.primarycarecoalition.org\/care-for-kids.html\" target=\"_blank\" rel=\"noopener\">Care for Kids program<\/a>.<\/p>\n<h2>Programas y actividades importantes:<\/h2>\n<h3>Atenci\u00f3n M\u00e9dica Primaria<\/h3>\n<ul>\n<li>Bienestar y chequeos anuales<\/li>\n<li>Apoyo para controlar afecciones cr\u00f3nicas como la diabetes y la presi\u00f3n arterial alta<\/li>\n<li>Ex\u00e1menes apropiados a la edad para detenci\u00f3n del c\u00e1ncer de mama, el c\u00e1ncer de cuello uterino y el c\u00e1ncer de colon <\/li>\n<\/ul>\n<h3>Atenci\u00f3n especializada:<\/h3>\n<p>Las especialidades incluyen ginecolog\u00eda, dermatolog\u00eda, oftalmolog\u00eda, endocrinolog\u00eda, urolog\u00eda,  neumolog\u00eda  y muchas otras.<\/p>\n<h3>Educaci\u00f3n en Salud y Nutrici\u00f3n<\/h3>\n<h3>Farmacia en el lugar<\/h3>","protected":false},"excerpt":{"rendered":"<p>Mercy Health Clinic patients have access to a wide range of services on-site at our clinic in Gaithersburg, Maryland, as [&#8230;]<\/p>\n","protected":false},"author":2,"featured_media":0,"parent":0,"menu_order":0,"comment_status":"closed","ping_status":"closed","template":"","meta":{"_acf_changed":false,"footnotes":""},"class_list":["post-90","page","type-page","status-publish","hentry"],"acf":[],"yoast_head":"<!-- This site is optimized with the Yoast SEO plugin v27.3 - https:\/\/yoast.com\/product\/yoast-seo-wordpress\/ -->\n<title>Our Services - Mercy Health Clinic<\/title>\n<meta name=\"robots\" content=\"index, follow, max-snippet:-1, max-image-preview:large, max-video-preview:-1\" \/>\n<link rel=\"canonical\" href=\"https:\/\/www.mercyhealthclinic.org\/es\/our-services\/\" \/>\n<meta property=\"og:locale\" content=\"es_MX\" \/>\n<meta property=\"og:type\" content=\"article\" \/>\n<meta property=\"og:title\" content=\"Our Services - Mercy Health Clinic\" \/>\n<meta property=\"og:description\" content=\"Mercy Health Clinic patients have access to a wide range of services on-site at our clinic in Gaithersburg, Maryland, as [...]\" \/>\n<meta property=\"og:url\" content=\"https:\/\/www.mercyhealthclinic.org\/es\/our-services\/\" \/>\n<meta property=\"og:site_name\" content=\"Mercy Health Clinic\" \/>\n<meta property=\"article:publisher\" content=\"https:\/\/www.facebook.com\/mercyhealthclinic\" \/>\n<meta property=\"article:modified_time\" content=\"2022-02-01T13:49:47+00:00\" \/>\n<meta name=\"twitter:card\" content=\"summary_large_image\" \/>\n<meta name=\"twitter:site\" content=\"@MercyHealthC\" \/>\n<meta name=\"twitter:label1\" content=\"Tiempo de lectura\" \/>\n\t<meta name=\"twitter:data1\" content=\"1 minuto\" \/>\n<script type=\"application\/ld+json\" class=\"yoast-schema-graph\">{\"@context\":\"https:\\\/\\\/schema.org\",\"@graph\":[{\"@type\":\"WebPage\",\"@id\":\"https:\\\/\\\/www.mercyhealthclinic.org\\\/our-services\\\/\",\"url\":\"https:\\\/\\\/www.mercyhealthclinic.org\\\/our-services\\\/\",\"name\":\"Our Services - Mercy Health Clinic\",\"isPartOf\":{\"@id\":\"https:\\\/\\\/www.mercyhealthclinic.org\\\/#website\"},\"datePublished\":\"2021-12-22T16:13:31+00:00\",\"dateModified\":\"2022-02-01T13:49:47+00:00\",\"breadcrumb\":{\"@id\":\"https:\\\/\\\/www.mercyhealthclinic.org\\\/our-services\\\/#breadcrumb\"},\"inLanguage\":\"es\",\"potentialAction\":[{\"@type\":\"ReadAction\",\"target\":[\"https:\\\/\\\/www.mercyhealthclinic.org\\\/our-services\\\/\"]}]},{\"@type\":\"BreadcrumbList\",\"@id\":\"https:\\\/\\\/www.mercyhealthclinic.org\\\/our-services\\\/#breadcrumb\",\"itemListElement\":[{\"@type\":\"ListItem\",\"position\":1,\"name\":\"Home\",\"item\":\"https:\\\/\\\/www.mercyhealthclinic.org\\\/\"},{\"@type\":\"ListItem\",\"position\":2,\"name\":\"Our Services\"}]},{\"@type\":\"WebSite\",\"@id\":\"https:\\\/\\\/www.mercyhealthclinic.org\\\/#website\",\"url\":\"https:\\\/\\\/www.mercyhealthclinic.org\\\/\",\"name\":\"Mercy Health Clinic\",\"description\":\"non-sectarian, nonprofit patient-centered medical home\",\"publisher\":{\"@id\":\"https:\\\/\\\/www.mercyhealthclinic.org\\\/#organization\"},\"potentialAction\":[{\"@type\":\"SearchAction\",\"target\":{\"@type\":\"EntryPoint\",\"urlTemplate\":\"https:\\\/\\\/www.mercyhealthclinic.org\\\/?s={search_term_string}\"},\"query-input\":{\"@type\":\"PropertyValueSpecification\",\"valueRequired\":true,\"valueName\":\"search_term_string\"}}],\"inLanguage\":\"es\"},{\"@type\":\"Organization\",\"@id\":\"https:\\\/\\\/www.mercyhealthclinic.org\\\/#organization\",\"name\":\"Mercy Health Clinic\",\"url\":\"https:\\\/\\\/www.mercyhealthclinic.org\\\/\",\"logo\":{\"@type\":\"ImageObject\",\"inLanguage\":\"es\",\"@id\":\"https:\\\/\\\/www.mercyhealthclinic.org\\\/#\\\/schema\\\/logo\\\/image\\\/\",\"url\":\"https:\\\/\\\/www.mercyhealthclinic.org\\\/wp-content\\\/uploads\\\/mercy-logo-heart-on-top.png\",\"contentUrl\":\"https:\\\/\\\/www.mercyhealthclinic.org\\\/wp-content\\\/uploads\\\/mercy-logo-heart-on-top.png\",\"width\":320,\"height\":120,\"caption\":\"Mercy Health Clinic\"},\"image\":{\"@id\":\"https:\\\/\\\/www.mercyhealthclinic.org\\\/#\\\/schema\\\/logo\\\/image\\\/\"},\"sameAs\":[\"https:\\\/\\\/www.facebook.com\\\/mercyhealthclinic\",\"https:\\\/\\\/x.com\\\/MercyHealthC\",\"http:\\\/\\\/www.linkedin.com\\\/company\\\/mercy-health-clinic\"]}]}<\/script>\n<!-- \/ Yoast SEO plugin. -->","yoast_head_json":{"title":"Our Services - Mercy Health Clinic","robots":{"index":"index","follow":"follow","max-snippet":"max-snippet:-1","max-image-preview":"max-image-preview:large","max-video-preview":"max-video-preview:-1"},"canonical":"https:\/\/www.mercyhealthclinic.org\/es\/our-services\/","og_locale":"es_MX","og_type":"article","og_title":"Our Services - Mercy Health Clinic","og_description":"Mercy Health Clinic patients have access to a wide range of services on-site at our clinic in Gaithersburg, Maryland, as [...]","og_url":"https:\/\/www.mercyhealthclinic.org\/es\/our-services\/","og_site_name":"Mercy Health Clinic","article_publisher":"https:\/\/www.facebook.com\/mercyhealthclinic","article_modified_time":"2022-02-01T13:49:47+00:00","twitter_card":"summary_large_image","twitter_site":"@MercyHealthC","twitter_misc":{"Tiempo de lectura":"1 minuto"},"schema":{"@context":"https:\/\/schema.org","@graph":[{"@type":"WebPage","@id":"https:\/\/www.mercyhealthclinic.org\/our-services\/","url":"https:\/\/www.mercyhealthclinic.org\/our-services\/","name":"Our Services - Mercy Health Clinic","isPartOf":{"@id":"https:\/\/www.mercyhealthclinic.org\/#website"},"datePublished":"2021-12-22T16:13:31+00:00","dateModified":"2022-02-01T13:49:47+00:00","breadcrumb":{"@id":"https:\/\/www.mercyhealthclinic.org\/our-services\/#breadcrumb"},"inLanguage":"es","potentialAction":[{"@type":"ReadAction","target":["https:\/\/www.mercyhealthclinic.org\/our-services\/"]}]},{"@type":"BreadcrumbList","@id":"https:\/\/www.mercyhealthclinic.org\/our-services\/#breadcrumb","itemListElement":[{"@type":"ListItem","position":1,"name":"Home","item":"https:\/\/www.mercyhealthclinic.org\/"},{"@type":"ListItem","position":2,"name":"Our Services"}]},{"@type":"WebSite","@id":"https:\/\/www.mercyhealthclinic.org\/#website","url":"https:\/\/www.mercyhealthclinic.org\/","name":"Mercy Health Clinic","description":"non-sectarian, nonprofit patient-centered medical home","publisher":{"@id":"https:\/\/www.mercyhealthclinic.org\/#organization"},"potentialAction":[{"@type":"SearchAction","target":{"@type":"EntryPoint","urlTemplate":"https:\/\/www.mercyhealthclinic.org\/?s={search_term_string}"},"query-input":{"@type":"PropertyValueSpecification","valueRequired":true,"valueName":"search_term_string"}}],"inLanguage":"es"},{"@type":"Organization","@id":"https:\/\/www.mercyhealthclinic.org\/#organization","name":"Mercy Health Clinic","url":"https:\/\/www.mercyhealthclinic.org\/","logo":{"@type":"ImageObject","inLanguage":"es","@id":"https:\/\/www.mercyhealthclinic.org\/#\/schema\/logo\/image\/","url":"https:\/\/www.mercyhealthclinic.org\/wp-content\/uploads\/mercy-logo-heart-on-top.png","contentUrl":"https:\/\/www.mercyhealthclinic.org\/wp-content\/uploads\/mercy-logo-heart-on-top.png","width":320,"height":120,"caption":"Mercy Health Clinic"},"image":{"@id":"https:\/\/www.mercyhealthclinic.org\/#\/schema\/logo\/image\/"},"sameAs":["https:\/\/www.facebook.com\/mercyhealthclinic","https:\/\/x.com\/MercyHealthC","http:\/\/www.linkedin.com\/company\/mercy-health-clinic"]}]}},"_links":{"self":[{"href":"https:\/\/www.mercyhealthclinic.org\/es\/wp-json\/wp\/v2\/pages\/90","targetHints":{"allow":["GET"]}}],"collection":[{"href":"https:\/\/www.mercyhealthclinic.org\/es\/wp-json\/wp\/v2\/pages"}],"about":[{"href":"https:\/\/www.mercyhealthclinic.org\/es\/wp-json\/wp\/v2\/types\/page"}],"author":[{"embeddable":true,"href":"https:\/\/www.mercyhealthclinic.org\/es\/wp-json\/wp\/v2\/users\/2"}],"replies":[{"embeddable":true,"href":"https:\/\/www.mercyhealthclinic.org\/es\/wp-json\/wp\/v2\/comments?post=90"}],"version-history":[{"count":6,"href":"https:\/\/www.mercyhealthclinic.org\/es\/wp-json\/wp\/v2\/pages\/90\/revisions"}],"predecessor-version":[{"id":405,"href":"https:\/\/www.mercyhealthclinic.org\/es\/wp-json\/wp\/v2\/pages\/90\/revisions\/405"}],"wp:attachment":[{"href":"https:\/\/www.mercyhealthclinic.org\/es\/wp-json\/wp\/v2\/media?parent=90"}],"curies":[{"name":"wp","href":"https:\/\/api.w.org\/{rel}","templated":true}]}}